{"id":1784,"date":"2025-09-12T13:04:56","date_gmt":"2025-09-12T12:04:56","guid":{"rendered":"https:\/\/hitchings-gonzalez.com\/politica-de-privacidad\/"},"modified":"2025-09-16T10:21:30","modified_gmt":"2025-09-16T09:21:30","slug":"policy-privacy","status":"publish","type":"page","link":"https:\/\/hitchings-gonzalez.com\/en\/policy-privacy\/","title":{"rendered":"Privacy Policy"},"content":{"rendered":"\t\t<div data-elementor-type=\"wp-page\" data-elementor-id=\"1784\" class=\"elementor elementor-1784 elementor-3\" data-elementor-post-type=\"page\">\n\t\t\t\t\t\t<section class=\"elementor-section elementor-top-section elementor-element elementor-element-200ad8ad elementor-section-boxed elementor-section-height-default elementor-section-height-default\" data-id=\"200ad8ad\" data-element_type=\"section\" data-e-type=\"section\">\n\t\t\t\t\t\t<div class=\"elementor-container elementor-column-gap-default\">\n\t\t\t\t\t<div class=\"elementor-column elementor-col-100 elementor-top-column elementor-element elementor-element-3a36517\" data-id=\"3a36517\" data-element_type=\"column\" data-e-type=\"column\">\n\t\t\t<div class=\"elementor-widget-wrap elementor-element-populated\">\n\t\t\t\t\t\t<div class=\"elementor-element elementor-element-5205e94e elementor-widget elementor-widget-text-editor\" data-id=\"5205e94e\" data-element_type=\"widget\" data-e-type=\"widget\" data-widget_type=\"text-editor.default\">\n\t\t\t\t<div class=\"elementor-widget-container\">\n\t\t\t\t\t\t\t\t\t<h2 class=\"wp-block-heading\"><\/h2><br>\t\t\t\t\t\t\t\t<\/div>\n\t\t\t\t<\/div>\n\t\t\t\t\t<\/div>\n\t\t<\/div>\n\t\t\t\t\t<\/div>\n\t\t<\/section>\n\t\t\t\t<section class=\"elementor-section elementor-top-section elementor-element elementor-element-6f72dc4 elementor-section-height-min-height elementor-section-content-middle elementor-section-items-stretch elementor-section-boxed elementor-section-height-default\" data-id=\"6f72dc4\" data-element_type=\"section\" data-e-type=\"section\">\n\t\t\t\t\t\t<div class=\"elementor-container elementor-column-gap-default\">\n\t\t\t\t\t<div class=\"elementor-column elementor-col-50 elementor-top-column elementor-element elementor-element-0e0d2bd\" data-id=\"0e0d2bd\" data-element_type=\"column\" data-e-type=\"column\">\n\t\t\t<div class=\"elementor-widget-wrap elementor-element-populated\">\n\t\t\t\t\t\t<section class=\"elementor-section elementor-inner-section elementor-element elementor-element-a791998 elementor-section-boxed elementor-section-height-default elementor-section-height-default\" data-id=\"a791998\" data-element_type=\"section\" data-e-type=\"section\">\n\t\t\t\t\t\t<div class=\"elementor-container elementor-column-gap-default\">\n\t\t\t\t\t<div class=\"elementor-column elementor-col-100 elementor-inner-column elementor-element elementor-element-3aea912\" data-id=\"3aea912\" data-element_type=\"column\" data-e-type=\"column\">\n\t\t\t<div class=\"elementor-widget-wrap elementor-element-populated\">\n\t\t\t\t\t\t<div class=\"elementor-element elementor-element-1c693b0 elementor-widget__width-initial elementor-widget-tablet__width-inherit elementor-widget elementor-widget-heading\" data-id=\"1c693b0\" data-element_type=\"widget\" data-e-type=\"widget\" data-widget_type=\"heading.default\">\n\t\t\t\t<div class=\"elementor-widget-container\">\n\t\t\t\t\t<h1 class=\"elementor-heading-title elementor-size-default\">PRIVACY POLICY<\/h1>\t\t\t\t<\/div>\n\t\t\t\t<\/div>\n\t\t\t\t\t<\/div>\n\t\t<\/div>\n\t\t\t\t\t<\/div>\n\t\t<\/section>\n\t\t\t\t<div class=\"elementor-element elementor-element-260c8c0 elementor-widget-divider--view-line elementor-invisible elementor-widget elementor-widget-divider\" data-id=\"260c8c0\" data-element_type=\"widget\" data-e-type=\"widget\" data-settings=\"{&quot;_animation&quot;:&quot;fadeInUp&quot;}\" data-widget_type=\"divider.default\">\n\t\t\t\t<div class=\"elementor-widget-container\">\n\t\t\t\t\t\t\t<div class=\"elementor-divider\">\n\t\t\t<span class=\"elementor-divider-separator\">\n\t\t\t\t\t\t<\/span>\n\t\t<\/div>\n\t\t\t\t\t\t<\/div>\n\t\t\t\t<\/div>\n\t\t\t\t\t<\/div>\n\t\t<\/div>\n\t\t\t\t<div class=\"elementor-column elementor-col-50 elementor-top-column elementor-element elementor-element-d7593dd\" data-id=\"d7593dd\" data-element_type=\"column\" data-e-type=\"column\">\n\t\t\t<div class=\"elementor-widget-wrap\">\n\t\t\t\t\t\t\t<\/div>\n\t\t<\/div>\n\t\t\t\t\t<\/div>\n\t\t<\/section>\n\t\t\t\t<section class=\"elementor-section elementor-top-section elementor-element elementor-element-7e6597d elementor-section-boxed elementor-section-height-default elementor-section-height-default\" data-id=\"7e6597d\" data-element_type=\"section\" data-e-type=\"section\">\n\t\t\t\t\t\t<div class=\"elementor-container elementor-column-gap-default\">\n\t\t\t\t\t<div class=\"elementor-column elementor-col-100 elementor-top-column elementor-element elementor-element-b5ea351\" data-id=\"b5ea351\" data-element_type=\"column\" data-e-type=\"column\">\n\t\t\t<div class=\"elementor-widget-wrap elementor-element-populated\">\n\t\t\t\t\t\t<div class=\"elementor-element elementor-element-d85a962 elementor-widget elementor-widget-text-editor\" data-id=\"d85a962\" data-element_type=\"widget\" data-e-type=\"widget\" data-widget_type=\"text-editor.default\">\n\t\t\t\t<div class=\"elementor-widget-container\">\n\t\t\t\t\t\t\t\t\t<span style=\"font-weight: 400;\">In compliance with the provisions of the General Data Protection Regulation 2016\/679 (GDPR) and the Organic Law 3\/2018 on Data Protection and Guarantee of Digital Rights (LOPDGDD) of December 5, 2018, we inform:<\/span><br><br><span style=\"font-weight: 400;\">PERSON IN CHARGE OF THE PROCESSING<\/span><br><br><b>Identity:<\/b><span style=\"font-weight: 400;\"> HITCHINGS &amp; GONZ\u00c1LEZ CO, S.L.P. with CIF B22611719 hereinafter \u201cthe Owner\u201d<\/span><br><br><b>Address:<\/b><span style=\"font-weight: 400;\"> Calle Diego de Le\u00f3n 22, 5\u00ba Izquierda; 28006 &#8211; Madrid<\/span><br><br><b>Contact email:<\/b> <a href=\"mailto:administracion@hitchings-gonzalez.com\"><span style=\"font-weight: 400;\">administracion@hitchings-gonzalez.com<\/span><\/a><span style=\"font-weight: 400;\">\u00a0<\/span><br><br><strong>PURPOSE OF DATA PROCESSING<\/strong><br><br><span style=\"font-weight: 400;\">We hereby inform you that the personal data you provide will be processed for the following purposes:<\/span><br><ul>\r\n \t<li style=\"font-weight: 400;\" aria-level=\"1\"><span style=\"font-weight: 400;\">To process and respond to contact requests, information inquiries, and\/or communications submitted through the contact channels made available on the Website.<\/span><\/li>\r\n \t<li style=\"font-weight: 400;\" aria-level=\"1\"><span style=\"font-weight: 400;\">To deliver commercial communications, including information, offers, and promotional materials concerning our products and services that may be of interest to the data subject.<\/span><\/li>\r\n \t<li style=\"font-weight: 400;\" aria-level=\"1\"><span style=\"font-weight: 400;\">To administer and evaluate r\u00e9sum\u00e9s\/CVs submitted by candidates for the purpose of their participation in recruitment processes aimed at filling employment positions.<\/span><\/li>\r\n \t<li style=\"font-weight: 400;\" aria-level=\"1\"><span style=\"font-weight: 400;\">To facilitate, expedite, and give effect to the obligations and commitments established between the Controller and the data subject, as well as to ensure the proper maintenance of the legal and\/or contractual relationship that may be established.<\/span><\/li>\r\n<\/ul><br><span style=\"font-weight: 400;\">\u00a0of marketing our products, managing orders and purchases made through the website, and issuing invoices. This includes handling any incidents related to the order, responding to contact requests, inquiries, and\/or questions received through the contact channels available on the website. It also includes facilitating, expediting, and fulfilling the commitments established between the Controller and the user, as well as maintaining the resulting relationship.<\/span><br><br><span style=\"font-weight: 400;\">In accordance with the provisions of the GDPR, a record of processing activities is maintained, specifying, according to their purposes, the processing activities carried out and the other circumstances established by the Regulation.<\/span><br><br><span style=\"font-weight: 400;\">Personal information will not be used for purposes other than those related to the contracted services or purchased products. No automated decisions will be made based on such profiles.<\/span><br><br><strong>LEGAL BASIS FOR DATA PROCESSING<\/strong><br><br><span style=\"font-weight: 400;\">The legal basis for data processing is as follows:<\/span><br><ul>\r\n \t<li style=\"font-weight: 400;\" aria-level=\"1\"><span style=\"font-weight: 400;\">The consent given by the user by accepting this Policy and checking the corresponding box.\u00a0<\/span><\/li>\r\n \t<li style=\"font-weight: 400;\" aria-level=\"1\"><span style=\"font-weight: 400;\">The user has provided their personal data within the framework of a contractual or pre-contractual relationship for the purpose of responding to their request and\/or inquiry, making the processing necessary to maintain that relationship.\u00a0<\/span><\/li>\r\n \t<li style=\"font-weight: 400;\" aria-level=\"1\"><span style=\"font-weight: 400;\">The legal obligations applicable to the Controller that require the processing of personal data, in accordance with the services provided or in relation to tax matters.<\/span><\/li>\r\n<\/ul><br><strong>PERSONAL DATA PROCESSED AND SOURCE\u00a0<\/strong><br><br><span style=\"font-weight: 400;\">Depending on the user\u2019s interaction with the website, the personal data we may process includes: identifying information, contact details. These data are provided by the user when contacting the Controller, filling out the relevant form(s), or using other functionalities offered on the website.<\/span><br><br><span style=\"font-weight: 400;\">The use of contact sections, forms, and\/or other website functionalities is voluntary. However, completing certain fields or providing data may be necessary to correctly manage your request. Therefore, refusal to provide the required information may prevent the Controller from properly handling and responding to it.<\/span><br><br><span style=\"font-weight: 400;\">The user guarantees that the data provided is truthful, accurate, and complete. Data will be canceled, deleted, or blocked when inaccurate, incomplete, or no longer necessary or relevant for the purposes for which they were collected, in accordance with applicable law.<\/span><br><br><span style=\"font-weight: 400;\">If the personal data provided belongs to a third party, the user guarantees that they have informed said third party about this Privacy Policy and obtained their authorization to provide the data for the purposes described. The user is also responsible for ensuring the data is accurate and up to date and shall be liable for any direct or indirect damages that may arise from non-compliance with this obligation.<\/span><br><br><strong>DATA PROTECTION FOR MINORS\u00a0<\/strong><br><br><span style=\"font-weight: 400;\">According to the GDPR and the LOPDGDD (Spanish Data Protection Law), only individuals over 14 years of age may legally consent to the processing of their personal data. For minors under 14, the consent of their parents or legal guardians is required.<\/span><br><br><strong>LINK POLICY AND SOCIAL MEDIA\u00a0<\/strong><br><br><span style=\"font-weight: 400;\">The website may include links to third-party websites, such as social media platforms where the Controller has a presence. These sites have not been reviewed and are not subject to control by the Controller. The Controller is not responsible for any content freely posted by the user. Users should be aware that their posts may be visible to others and, therefore, they are primarily responsible for their own privacy.<\/span><br><br><strong>DATA RETENTION PERIOD<\/strong><br><br><span style=\"font-weight: 400;\">The personal data provided by the user will be retained while the user remains registered for the service, while the business relationship remains in effect, or until the user requests its deletion, or for the legally established period. Data may also be retained as necessary to comply with legal obligations or for the formulation, exercise, or defense of legal claims.<\/span><br><br><span style=\"font-weight: 400;\">If the user withdraws consent or exercises their rights to object or request deletion, the data will be blocked and made available to the judicial authorities during the legally established periods to address any potential liabilities arising from the data processing. This will not condition the provision of the service and\/or execution of contracts with the Controller.<\/span><br><br><span style=\"font-weight: 400;\">The withdrawal of consent shall not affect the lawfulness of processing based on prior consent.<\/span><br><br><strong>\u00a0CONFIDENTIALITY AND SECURITY OF PERSONAL DATA<\/strong><br><br><span style=\"font-weight: 400;\">The Controller undertakes to adopt the necessary technical and organizational measures, appropriate to the level of risk, to ensure the security of personal data and to prevent its accidental or unlawful destruction, loss, alteration, or unauthorized access or disclosure.<\/span><br><br><span style=\"font-weight: 400;\">Personal data will be treated as confidential, and the Controller will ensure, by legal or contractual obligation, that such confidentiality is respected by employees, collaborators, and any other individuals who may have access to the data.<\/span><br><br><strong>DISCLOSURE AND RECIPIENTS OF PERSONAL DATA<\/strong><br><br><span style=\"font-weight: 400;\">Your personal data will only be disclosed when legally required to comply with obligations applicable to the Controller or when necessary to fulfill the purposes described above.<\/span><br><br><span style=\"font-weight: 400;\">Data may also be disclosed to service providers contracted by the Controller, with whom the corresponding data processing agreements have been signed to ensure the security and confidentiality of the data.<\/span><br><br><strong>USER RIGHTS<\/strong><br><br><span style=\"font-weight: 400;\">\u00a0What are your rights when you provide us with your data?<\/span><br><br><span style=\"font-weight: 400;\">The user has the right to obtain confirmation as to whether their personal data is being processed. They also have the right to access their data and request the <\/span><b>rectification<\/b><span style=\"font-weight: 400;\"> of inaccurate data, or request its <\/span><b>deletion<\/b><span style=\"font-weight: 400;\"> when it is no longer necessary for the purposes for which it was collected. In certain cases, the user may request the <\/span><b>restriction<\/b><span style=\"font-weight: 400;\"> of processing, in which case the data will only be retained for the exercise or defense of legal claims.<\/span><br><br><span style=\"font-weight: 400;\">In specific circumstances, and for reasons related to their personal situation, the user may object to the processing of their data. In that case, the Controller will cease processing the data unless there are compelling legitimate grounds or for the exercise or defense of legal claims. Where legally applicable, the user has the right to data <\/span><b>portability<\/b><span style=\"font-weight: 400;\">, allowing them to receive the personal data provided and transmit it to another controller.<\/span><br><br><span style=\"font-weight: 400;\">Users may exercise their rights of access, rectification, deletion, objection, restriction of processing, data portability, and opposition to automated individual decision-making by sending a written request, including a copy of their ID for identification purposes, with the reference \u201cGDPR Rights\u201d to the following email address: <\/span><a href=\"mailto:janette@art-equus.com\"><span style=\"font-weight: 400;\">janette@art-equus.com<\/span><\/a><br><br><span style=\"font-weight: 400;\">Furthermore, users are informed that they may file a complaint with the Spanish Data Protection Agency (AEPD) via <\/span><a href=\"https:\/\/www.aepd.es\"><span style=\"font-weight: 400;\">www.aepd.es<\/span><\/a><span style=\"font-weight: 400;\">, the competent supervisory authority in Spain.<\/span>\t\t\t\t\t\t\t\t<\/div>\n\t\t\t\t<\/div>\n\t\t\t\t\t<\/div>\n\t\t<\/div>\n\t\t\t\t\t<\/div>\n\t\t<\/section>\n\t\t\t\t<\/div>\n\t\t","protected":false},"excerpt":{"rendered":"<p>PRIVACY POLICY In compliance with the provisions of the General Data Protection Regulation 2016\/679 (GDPR) and the Organic Law 3\/2018 on Data Protection and Guarantee of Digital Rights (LOPDGDD) of December 5, 2018, we inform: PERSON IN CHARGE OF THE PROCESSING Identity: HITCHINGS &amp; GONZ\u00c1LEZ CO, S.L.P. with CIF B22611719 hereinafter \u201cthe Owner\u201d Address: Calle &#8230; <a title=\"Privacy Policy\" class=\"read-more\" href=\"https:\/\/hitchings-gonzalez.com\/en\/policy-privacy\/\" aria-label=\"Read more about Privacy Policy\">Read more<\/a><\/p>\n","protected":false},"author":1,"featured_media":0,"parent":0,"menu_order":0,"comment_status":"closed","ping_status":"closed","template":"elementor_header_footer","meta":{"footnotes":""},"class_list":["post-1784","page","type-page","status-publish"],"yoast_head":"<!-- This site is optimized with the Yoast SEO plugin v27.4 - https:\/\/yoast.com\/product\/yoast-seo-wordpress\/ -->\n<title>Privacy Policy - Hitchings &amp; Gonz\u00e1lez<\/title>\n<meta name=\"robots\" content=\"noindex, follow\" \/>\n<meta property=\"og:locale\" content=\"en_US\" \/>\n<meta property=\"og:type\" content=\"article\" \/>\n<meta property=\"og:title\" content=\"Privacy Policy - Hitchings &amp; Gonz\u00e1lez\" \/>\n<meta property=\"og:description\" content=\"PRIVACY POLICY In compliance with the provisions of the General Data Protection Regulation 2016\/679 (GDPR) and the Organic Law 3\/2018 on Data Protection and Guarantee of Digital Rights (LOPDGDD) of December 5, 2018, we inform: PERSON IN CHARGE OF THE PROCESSING Identity: HITCHINGS &amp; GONZ\u00c1LEZ CO, S.L.P. with CIF B22611719 hereinafter \u201cthe Owner\u201d Address: Calle ... Read more\" \/>\n<meta property=\"og:url\" content=\"https:\/\/hitchings-gonzalez.com\/en\/policy-privacy\/\" \/>\n<meta property=\"og:site_name\" content=\"Hitchings &amp; Gonz\u00e1lez\" \/>\n<meta property=\"article:modified_time\" content=\"2025-09-16T09:21:30+00:00\" \/>\n<meta property=\"og:image\" content=\"https:\/\/hitchings-gonzalez.com\/wp-content\/uploads\/logo-hitchings.webp\" \/>\n\t<meta property=\"og:image:width\" content=\"816\" \/>\n\t<meta property=\"og:image:height\" content=\"218\" \/>\n\t<meta property=\"og:image:type\" content=\"image\/webp\" \/>\n<meta name=\"twitter:card\" content=\"summary_large_image\" \/>\n<meta name=\"twitter:label1\" content=\"Est. reading time\" \/>\n\t<meta name=\"twitter:data1\" content=\"9 minutes\" \/>\n<script type=\"application\/ld+json\" class=\"yoast-schema-graph\">{\"@context\":\"https:\\\/\\\/schema.org\",\"@graph\":[{\"@type\":\"WebPage\",\"@id\":\"https:\\\/\\\/hitchings-gonzalez.com\\\/en\\\/policy-privacy\\\/\",\"url\":\"https:\\\/\\\/hitchings-gonzalez.com\\\/en\\\/policy-privacy\\\/\",\"name\":\"Privacy Policy - Hitchings &amp; Gonz\u00e1lez\",\"isPartOf\":{\"@id\":\"https:\\\/\\\/hitchings-gonzalez.com\\\/en\\\/#website\"},\"datePublished\":\"2025-09-12T12:04:56+00:00\",\"dateModified\":\"2025-09-16T09:21:30+00:00\",\"breadcrumb\":{\"@id\":\"https:\\\/\\\/hitchings-gonzalez.com\\\/en\\\/policy-privacy\\\/#breadcrumb\"},\"inLanguage\":\"en-US\",\"potentialAction\":[{\"@type\":\"ReadAction\",\"target\":[\"https:\\\/\\\/hitchings-gonzalez.com\\\/en\\\/policy-privacy\\\/\"]}]},{\"@type\":\"BreadcrumbList\",\"@id\":\"https:\\\/\\\/hitchings-gonzalez.com\\\/en\\\/policy-privacy\\\/#breadcrumb\",\"itemListElement\":[{\"@type\":\"ListItem\",\"position\":1,\"name\":\"Portada\",\"item\":\"https:\\\/\\\/hitchings-gonzalez.com\\\/en\\\/\"},{\"@type\":\"ListItem\",\"position\":2,\"name\":\"Privacy Policy\"}]},{\"@type\":\"WebSite\",\"@id\":\"https:\\\/\\\/hitchings-gonzalez.com\\\/en\\\/#website\",\"url\":\"https:\\\/\\\/hitchings-gonzalez.com\\\/en\\\/\",\"name\":\"Hitchings & Gonz\u00e1lez\",\"description\":\"Especialistas en derecho de la UE y de la Competencia\",\"publisher\":{\"@id\":\"https:\\\/\\\/hitchings-gonzalez.com\\\/en\\\/#organization\"},\"alternateName\":\"Despacho de abogados nacido con la vocaci\u00f3n de ser el boutique espa\u00f1ol n\u00famero uno en disputas, litigios y acciones colectivas en materia de Derecho de la Uni\u00f3n Europea y de la competencia.\",\"potentialAction\":[{\"@type\":\"SearchAction\",\"target\":{\"@type\":\"EntryPoint\",\"urlTemplate\":\"https:\\\/\\\/hitchings-gonzalez.com\\\/en\\\/?s={search_term_string}\"},\"query-input\":{\"@type\":\"PropertyValueSpecification\",\"valueRequired\":true,\"valueName\":\"search_term_string\"}}],\"inLanguage\":\"en-US\"},{\"@type\":\"Organization\",\"@id\":\"https:\\\/\\\/hitchings-gonzalez.com\\\/en\\\/#organization\",\"name\":\"Hitchings & Gonz\u00e1lez\",\"alternateName\":\"Despacho de abogados nacido con la vocaci\u00f3n de ser el boutique espa\u00f1ol n\u00famero uno en disputas, litigios y acciones colectivas en materia de Derecho de la Uni\u00f3n Europea y de la competencia.\",\"url\":\"https:\\\/\\\/hitchings-gonzalez.com\\\/en\\\/\",\"logo\":{\"@type\":\"ImageObject\",\"inLanguage\":\"en-US\",\"@id\":\"https:\\\/\\\/hitchings-gonzalez.com\\\/en\\\/#\\\/schema\\\/logo\\\/image\\\/\",\"url\":\"https:\\\/\\\/hitchings-gonzalez.com\\\/wp-content\\\/uploads\\\/Logo-RGB_HG-logo-principal-Verde--scaled.png\",\"contentUrl\":\"https:\\\/\\\/hitchings-gonzalez.com\\\/wp-content\\\/uploads\\\/Logo-RGB_HG-logo-principal-Verde--scaled.png\",\"width\":2560,\"height\":1440,\"caption\":\"Hitchings & Gonz\u00e1lez\"},\"image\":{\"@id\":\"https:\\\/\\\/hitchings-gonzalez.com\\\/en\\\/#\\\/schema\\\/logo\\\/image\\\/\"}}]}<\/script>\n<!-- \/ Yoast SEO plugin. -->","yoast_head_json":{"title":"Privacy Policy - Hitchings &amp; Gonz\u00e1lez","robots":{"index":"noindex","follow":"follow"},"og_locale":"en_US","og_type":"article","og_title":"Privacy Policy - Hitchings &amp; Gonz\u00e1lez","og_description":"PRIVACY POLICY In compliance with the provisions of the General Data Protection Regulation 2016\/679 (GDPR) and the Organic Law 3\/2018 on Data Protection and Guarantee of Digital Rights (LOPDGDD) of December 5, 2018, we inform: PERSON IN CHARGE OF THE PROCESSING Identity: HITCHINGS &amp; GONZ\u00c1LEZ CO, S.L.P. with CIF B22611719 hereinafter \u201cthe Owner\u201d Address: Calle ... Read more","og_url":"https:\/\/hitchings-gonzalez.com\/en\/policy-privacy\/","og_site_name":"Hitchings &amp; Gonz\u00e1lez","article_modified_time":"2025-09-16T09:21:30+00:00","og_image":[{"width":816,"height":218,"url":"https:\/\/hitchings-gonzalez.com\/wp-content\/uploads\/logo-hitchings.webp","type":"image\/webp"}],"twitter_card":"summary_large_image","twitter_misc":{"Est. reading time":"9 minutes"},"schema":{"@context":"https:\/\/schema.org","@graph":[{"@type":"WebPage","@id":"https:\/\/hitchings-gonzalez.com\/en\/policy-privacy\/","url":"https:\/\/hitchings-gonzalez.com\/en\/policy-privacy\/","name":"Privacy Policy - Hitchings &amp; Gonz\u00e1lez","isPartOf":{"@id":"https:\/\/hitchings-gonzalez.com\/en\/#website"},"datePublished":"2025-09-12T12:04:56+00:00","dateModified":"2025-09-16T09:21:30+00:00","breadcrumb":{"@id":"https:\/\/hitchings-gonzalez.com\/en\/policy-privacy\/#breadcrumb"},"inLanguage":"en-US","potentialAction":[{"@type":"ReadAction","target":["https:\/\/hitchings-gonzalez.com\/en\/policy-privacy\/"]}]},{"@type":"BreadcrumbList","@id":"https:\/\/hitchings-gonzalez.com\/en\/policy-privacy\/#breadcrumb","itemListElement":[{"@type":"ListItem","position":1,"name":"Portada","item":"https:\/\/hitchings-gonzalez.com\/en\/"},{"@type":"ListItem","position":2,"name":"Privacy Policy"}]},{"@type":"WebSite","@id":"https:\/\/hitchings-gonzalez.com\/en\/#website","url":"https:\/\/hitchings-gonzalez.com\/en\/","name":"Hitchings & Gonz\u00e1lez","description":"Especialistas en derecho de la UE y de la Competencia","publisher":{"@id":"https:\/\/hitchings-gonzalez.com\/en\/#organization"},"alternateName":"Despacho de abogados nacido con la vocaci\u00f3n de ser el boutique espa\u00f1ol n\u00famero uno en disputas, litigios y acciones colectivas en materia de Derecho de la Uni\u00f3n Europea y de la competencia.","potentialAction":[{"@type":"SearchAction","target":{"@type":"EntryPoint","urlTemplate":"https:\/\/hitchings-gonzalez.com\/en\/?s={search_term_string}"},"query-input":{"@type":"PropertyValueSpecification","valueRequired":true,"valueName":"search_term_string"}}],"inLanguage":"en-US"},{"@type":"Organization","@id":"https:\/\/hitchings-gonzalez.com\/en\/#organization","name":"Hitchings & Gonz\u00e1lez","alternateName":"Despacho de abogados nacido con la vocaci\u00f3n de ser el boutique espa\u00f1ol n\u00famero uno en disputas, litigios y acciones colectivas en materia de Derecho de la Uni\u00f3n Europea y de la competencia.","url":"https:\/\/hitchings-gonzalez.com\/en\/","logo":{"@type":"ImageObject","inLanguage":"en-US","@id":"https:\/\/hitchings-gonzalez.com\/en\/#\/schema\/logo\/image\/","url":"https:\/\/hitchings-gonzalez.com\/wp-content\/uploads\/Logo-RGB_HG-logo-principal-Verde--scaled.png","contentUrl":"https:\/\/hitchings-gonzalez.com\/wp-content\/uploads\/Logo-RGB_HG-logo-principal-Verde--scaled.png","width":2560,"height":1440,"caption":"Hitchings & Gonz\u00e1lez"},"image":{"@id":"https:\/\/hitchings-gonzalez.com\/en\/#\/schema\/logo\/image\/"}}]}},"_links":{"self":[{"href":"https:\/\/hitchings-gonzalez.com\/en\/wp-json\/wp\/v2\/pages\/1784","targetHints":{"allow":["GET"]}}],"collection":[{"href":"https:\/\/hitchings-gonzalez.com\/en\/wp-json\/wp\/v2\/pages"}],"about":[{"href":"https:\/\/hitchings-gonzalez.com\/en\/wp-json\/wp\/v2\/types\/page"}],"author":[{"embeddable":true,"href":"https:\/\/hitchings-gonzalez.com\/en\/wp-json\/wp\/v2\/users\/1"}],"replies":[{"embeddable":true,"href":"https:\/\/hitchings-gonzalez.com\/en\/wp-json\/wp\/v2\/comments?post=1784"}],"version-history":[{"count":5,"href":"https:\/\/hitchings-gonzalez.com\/en\/wp-json\/wp\/v2\/pages\/1784\/revisions"}],"predecessor-version":[{"id":1906,"href":"https:\/\/hitchings-gonzalez.com\/en\/wp-json\/wp\/v2\/pages\/1784\/revisions\/1906"}],"wp:attachment":[{"href":"https:\/\/hitchings-gonzalez.com\/en\/wp-json\/wp\/v2\/media?parent=1784"}],"curies":[{"name":"wp","href":"https:\/\/api.w.org\/{rel}","templated":true}]}}