{"id":1781,"date":"2025-09-12T12:57:08","date_gmt":"2025-09-12T11:57:08","guid":{"rendered":"https:\/\/hitchings-gonzalez.com\/cookies-policy\/"},"modified":"2025-09-16T09:12:49","modified_gmt":"2025-09-16T08:12:49","slug":"cookies-policy","status":"publish","type":"page","link":"https:\/\/hitchings-gonzalez.com\/en\/cookies-policy\/","title":{"rendered":"Cookies Policy"},"content":{"rendered":"\t\t<div data-elementor-type=\"wp-page\" data-elementor-id=\"1781\" class=\"elementor elementor-1781 elementor-158\" data-elementor-post-type=\"page\">\n\t\t\t\t\t\t<section class=\"elementor-section elementor-top-section elementor-element elementor-element-3b00b90 elementor-section-height-min-height elementor-section-content-middle elementor-section-items-stretch elementor-section-boxed elementor-section-height-default\" data-id=\"3b00b90\" data-element_type=\"section\" data-e-type=\"section\">\n\t\t\t\t\t\t<div class=\"elementor-container elementor-column-gap-default\">\n\t\t\t\t\t<div class=\"elementor-column elementor-col-50 elementor-top-column elementor-element elementor-element-15f368f\" data-id=\"15f368f\" data-element_type=\"column\" data-e-type=\"column\">\n\t\t\t<div class=\"elementor-widget-wrap elementor-element-populated\">\n\t\t\t\t\t\t<section class=\"elementor-section elementor-inner-section elementor-element elementor-element-816f935 elementor-section-boxed elementor-section-height-default elementor-section-height-default\" data-id=\"816f935\" data-element_type=\"section\" data-e-type=\"section\">\n\t\t\t\t\t\t<div class=\"elementor-container elementor-column-gap-default\">\n\t\t\t\t\t<div class=\"elementor-column elementor-col-100 elementor-inner-column elementor-element elementor-element-531aad8\" data-id=\"531aad8\" data-element_type=\"column\" data-e-type=\"column\">\n\t\t\t<div class=\"elementor-widget-wrap elementor-element-populated\">\n\t\t\t\t\t\t<div class=\"elementor-element elementor-element-f3cfb44 elementor-widget__width-initial elementor-widget-tablet__width-inherit elementor-widget elementor-widget-heading\" data-id=\"f3cfb44\" data-element_type=\"widget\" data-e-type=\"widget\" data-widget_type=\"heading.default\">\n\t\t\t\t<div class=\"elementor-widget-container\">\n\t\t\t\t\t<h1 class=\"elementor-heading-title elementor-size-default\">COOKIES POLICY<\/h1>\t\t\t\t<\/div>\n\t\t\t\t<\/div>\n\t\t\t\t\t<\/div>\n\t\t<\/div>\n\t\t\t\t\t<\/div>\n\t\t<\/section>\n\t\t\t\t<div class=\"elementor-element elementor-element-909aa66 elementor-widget-divider--view-line elementor-invisible elementor-widget elementor-widget-divider\" data-id=\"909aa66\" data-element_type=\"widget\" data-e-type=\"widget\" data-settings=\"{&quot;_animation&quot;:&quot;fadeInUp&quot;}\" data-widget_type=\"divider.default\">\n\t\t\t\t<div class=\"elementor-widget-container\">\n\t\t\t\t\t\t\t<div class=\"elementor-divider\">\n\t\t\t<span class=\"elementor-divider-separator\">\n\t\t\t\t\t\t<\/span>\n\t\t<\/div>\n\t\t\t\t\t\t<\/div>\n\t\t\t\t<\/div>\n\t\t\t\t\t<\/div>\n\t\t<\/div>\n\t\t\t\t<div class=\"elementor-column elementor-col-50 elementor-top-column elementor-element elementor-element-5b90107\" data-id=\"5b90107\" data-element_type=\"column\" data-e-type=\"column\">\n\t\t\t<div class=\"elementor-widget-wrap\">\n\t\t\t\t\t\t\t<\/div>\n\t\t<\/div>\n\t\t\t\t\t<\/div>\n\t\t<\/section>\n\t\t\t\t<section class=\"elementor-section elementor-top-section elementor-element elementor-element-8bf9e33 elementor-section-boxed elementor-section-height-default elementor-section-height-default\" data-id=\"8bf9e33\" data-element_type=\"section\" data-e-type=\"section\">\n\t\t\t\t\t\t<div class=\"elementor-container elementor-column-gap-default\">\n\t\t\t\t\t<div class=\"elementor-column elementor-col-100 elementor-top-column elementor-element elementor-element-b9beecf\" data-id=\"b9beecf\" data-element_type=\"column\" data-e-type=\"column\">\n\t\t\t<div class=\"elementor-widget-wrap elementor-element-populated\">\n\t\t\t\t\t\t<div class=\"elementor-element elementor-element-eb14adb elementor-widget elementor-widget-text-editor\" data-id=\"eb14adb\" data-element_type=\"widget\" data-e-type=\"widget\" data-widget_type=\"text-editor.default\">\n\t\t\t\t<div class=\"elementor-widget-container\">\n\t\t\t\t\t\t\t\t\t<strong>WHAT ARE COOKIES?<\/strong><br><br><span style=\"font-weight: 400;\">Cookies are data files stored in your browser and on your computer when you visit any website. They can serve various purposes, such as recognising the user, storing and retrieving information about a user&#8217;s browsing habits, or customising the way content is displayed.<\/span><br><br><strong>WHAT INFORMATION DO COOKIES STORE?<\/strong><br><br><span style=\"font-weight: 400;\">Cookies store technical information, personal preferences, and content personalisation. Cookies generally do not contain any personal information. Any personal information they may contain is solely that which the user has entered via a form on the site. Most of the time, when a cookie contains personal information, it is encoded in a manner that is unreadable to any third party that might have access to your cookie file.<\/span><br><br><span style=\"font-weight: 400;\">WHAT TYPES OF COOKIES ARE THERE?<\/span><br><br><span style=\"font-weight: 400;\">The types of cookies depend on the entity managing the domain from which the cookies are sent and the data obtained are processed:<\/span><br><ul>\r\n \t<li style=\"font-weight: 400;\" aria-level=\"1\"><span style=\"font-weight: 400;\">First-party cookies: These are sent to the user&#8217;s terminal equipment from a computer or domain managed by the publisher itself, from which the service requested by the user is provided.<\/span><\/li>\r\n \t<li style=\"font-weight: 400;\" aria-level=\"1\"><span style=\"font-weight: 400;\">Third-party cookies: These are sent to the user&#8217;s terminal equipment from a computer or domain not managed by the publisher, but by another entity processing the data obtained through the cookies.<\/span><\/li>\r\n<\/ul><br><span style=\"font-weight: 400;\">Cookies can also be categorised based on the length of time they remain stored in the user&#8217;s browser:<\/span><br><ul>\r\n \t<li style=\"font-weight: 400;\" aria-level=\"1\"><span style=\"font-weight: 400;\">Session cookies: These collect and store data while the user accesses a website. They are typically used to store information that only needs to be kept for the provision of the service requested by the user on a single occasion (e.g. a list of products purchased).<\/span><\/li>\r\n \t<li style=\"font-weight: 400;\" aria-level=\"1\"><span style=\"font-weight: 400;\">Persistent cookies: The data remains stored in the terminal and can be accessed and processed for a period defined by the party responsible for the cookie, which can range from a few minutes to several years.<\/span><\/li>\r\n<\/ul><br><span style=\"font-weight: 400;\">Depending on the purpose for which the data obtained is processed, the following cookies are distinguished:<\/span><br><ul>\r\n \t<li style=\"font-weight: 400;\" aria-level=\"1\"><span style=\"font-weight: 400;\">Technical cookies: These allow the user to browse a website, platform or application and use the different options or services that exist on it. For example, controlling traffic and data communication, identifying the session, accessing restricted areas, remembering the elements that make up an order, carrying out the purchasing process of an order, applying for registration or participation in an event, using security elements during browsing, storing content for the broadcasting of videos or sound, or sharing content through social networks.<\/span><\/li>\r\n \t<li style=\"font-weight: 400;\" aria-level=\"1\"><span style=\"font-weight: 400;\">Personalisation cookies: These allow the user to access the service with some predefined general characteristics based on a series of criteria in the user&#8217;s terminal, such as the language, the type of browser used to access the service, the regional configuration from where the service is accessed, etc.<\/span><\/li>\r\n \t<li style=\"font-weight: 400;\" aria-level=\"1\"><span style=\"font-weight: 400;\">Analysis cookies: These allow the party responsible to monitor and analyse the behaviour of the users of the websites to which they are linked. The information collected through this type of cookies is used to measure the activity of the websites, application or platform and for the creation of browsing profiles of the users of these sites, applications and platforms, in order to introduce improvements based on the analysis of the usage data of the users of the service.<\/span><\/li>\r\n \t<li style=\"font-weight: 400;\" aria-level=\"1\"><span style=\"font-weight: 400;\">Advertising cookies: These enable the management, in the most efficient way possible, of advertising spaces.<\/span><\/li>\r\n \t<li style=\"font-weight: 400;\" aria-level=\"1\"><span style=\"font-weight: 400;\">Behavioural advertising cookies: These store information on the behaviour of users obtained through the continuous observation of their browsing habits, which allows a specific profile to be developed in order to display advertising based on the same.<\/span><\/li>\r\n \t<li style=\"font-weight: 400;\" aria-level=\"1\"><span style=\"font-weight: 400;\">External social network cookies: These are used so that visitors can interact with the content of different social platforms (Facebook, YouTube, Twitter, LinkedIn, etc.) and are generated only for users of these social networks. The conditions of use of these cookies and the information collected are regulated by the privacy policy of the corresponding social platform.<\/span><\/li>\r\n<\/ul><br><strong>WHAT COOKIES DO WE USE IN OUR WEBSITE?<\/strong><br><table aria-label=\"Cookies table (English)\"><caption>Cookies \u2013 English<\/caption>\r\n<thead>\r\n<tr>\r\n<th>Type \/ Category<\/th>\r\n<th>Purpose<\/th>\r\n<th>Cookie name(s)<\/th>\r\n<th>Duration<\/th>\r\n<th>Owner<\/th>\r\n<\/tr>\r\n<\/thead>\r\n<tbody>\r\n<tr>\r\n<td>First-party \u00b7 Personalization<\/td>\r\n<td>To remember which people or websites you interacted with, so we can show related content.<\/td>\r\n<td>SIDCC, HSID, SSID, APISID, SAPISID<\/td>\r\n<td>SIDCC: 1 year \u00b7 HSID\/SSID\/APISID\/SAPISID: 2 years<\/td>\r\n<td>This site<\/td>\r\n<\/tr>\r\n<tr>\r\n<td>First-party \u00b7 Preferences<\/td>\r\n<td>To remember your settings and preferences (language, privacy).<\/td>\r\n<td>moove_gdpr_popup<\/td>\r\n<td>Until session ends<\/td>\r\n<td>This site<\/td>\r\n<\/tr>\r\n<tr>\r\n<td>First-party \u00b7 Security<\/td>\r\n<td>To prevent security risks.<\/td>\r\n<td>Secure3PAPISID, Secure-HSID, Secure-SSID, Secure-APSID<\/td>\r\n<td>Secure3PAPISID: 2 years \u00b7 Secure-HSID\/SSID\/APSID: 2 months<\/td>\r\n<td>This site<\/td>\r\n<\/tr>\r\n<tr>\r\n<td>Third-party \u00b7 Google Analytics<\/td>\r\n<td>To analyze site usage and improve usability (no data is linked to identify the user).<\/td>\r\n<td>_ga, _gat, _gat_gtag, _gid, _dc_gtm_UA<\/td>\r\n<td>_ga: 2 years \u00b7 _gat and _dc_gtm_UA: session \u00b7 _gid: 1 day<\/td>\r\n<td>Google Inc.<\/td>\r\n<\/tr>\r\n<tr>\r\n<td colspan=\"5\">This website uses <strong>Google Analytics<\/strong>, a web analytics service provided by Google Inc.\r\nSee the <a href=\"https:\/\/policies.google.com\/technologies\/cookies?hl=en\" target=\"_blank\" rel=\"noopener\">types of cookies used by Google<\/a>.\r\nYou can manage your choices in our <a href=\"#\" target=\"_blank\" rel=\"noopener\">Cookie Preferences Center<\/a>.<\/td>\r\n<\/tr>\r\n<\/tbody>\r\n<\/table><br>&nbsp;\t\t\t\t\t\t\t\t<\/div>\n\t\t\t\t<\/div>\n\t\t\t\t\t<\/div>\n\t\t<\/div>\n\t\t\t\t\t<\/div>\n\t\t<\/section>\n\t\t\t\t<\/div>\n\t\t","protected":false},"excerpt":{"rendered":"<p>COOKIES POLICY WHAT ARE COOKIES? Cookies are data files stored in your browser and on your computer when you visit any website. They can serve various purposes, such as recognising the user, storing and retrieving information about a user&#8217;s browsing habits, or customising the way content is displayed. WHAT INFORMATION DO COOKIES STORE? Cookies store &#8230; <a title=\"Cookies Policy\" class=\"read-more\" href=\"https:\/\/hitchings-gonzalez.com\/en\/cookies-policy\/\" aria-label=\"Read more about Cookies Policy\">Read more<\/a><\/p>\n","protected":false},"author":1,"featured_media":0,"parent":0,"menu_order":0,"comment_status":"closed","ping_status":"closed","template":"elementor_header_footer","meta":{"footnotes":""},"class_list":["post-1781","page","type-page","status-publish"],"yoast_head":"<!-- This site is optimized with the Yoast SEO plugin v27.4 - https:\/\/yoast.com\/product\/yoast-seo-wordpress\/ -->\n<title>Cookies Policy - Hitchings &amp; Gonz\u00e1lez<\/title>\n<meta name=\"robots\" content=\"noindex, follow\" \/>\n<meta property=\"og:locale\" content=\"en_US\" \/>\n<meta property=\"og:type\" content=\"article\" \/>\n<meta property=\"og:title\" content=\"Cookies Policy - Hitchings &amp; Gonz\u00e1lez\" \/>\n<meta property=\"og:description\" content=\"COOKIES POLICY WHAT ARE COOKIES? Cookies are data files stored in your browser and on your computer when you visit any website. They can serve various purposes, such as recognising the user, storing and retrieving information about a user&#8217;s browsing habits, or customising the way content is displayed. WHAT INFORMATION DO COOKIES STORE? Cookies store ... Read more\" \/>\n<meta property=\"og:url\" content=\"https:\/\/hitchings-gonzalez.com\/en\/cookies-policy\/\" \/>\n<meta property=\"og:site_name\" content=\"Hitchings &amp; Gonz\u00e1lez\" \/>\n<meta property=\"article:modified_time\" content=\"2025-09-16T08:12:49+00:00\" \/>\n<meta property=\"og:image\" content=\"https:\/\/hitchings-gonzalez.com\/wp-content\/uploads\/logo-hitchings.webp\" \/>\n\t<meta property=\"og:image:width\" content=\"816\" \/>\n\t<meta property=\"og:image:height\" content=\"218\" \/>\n\t<meta property=\"og:image:type\" content=\"image\/webp\" \/>\n<meta name=\"twitter:card\" content=\"summary_large_image\" \/>\n<meta name=\"twitter:label1\" content=\"Est. reading time\" \/>\n\t<meta name=\"twitter:data1\" content=\"4 minutes\" \/>\n<script type=\"application\/ld+json\" class=\"yoast-schema-graph\">{\"@context\":\"https:\\\/\\\/schema.org\",\"@graph\":[{\"@type\":\"WebPage\",\"@id\":\"https:\\\/\\\/hitchings-gonzalez.com\\\/en\\\/cookies-policy\\\/\",\"url\":\"https:\\\/\\\/hitchings-gonzalez.com\\\/en\\\/cookies-policy\\\/\",\"name\":\"Cookies Policy - Hitchings &amp; Gonz\u00e1lez\",\"isPartOf\":{\"@id\":\"https:\\\/\\\/hitchings-gonzalez.com\\\/en\\\/#website\"},\"datePublished\":\"2025-09-12T11:57:08+00:00\",\"dateModified\":\"2025-09-16T08:12:49+00:00\",\"breadcrumb\":{\"@id\":\"https:\\\/\\\/hitchings-gonzalez.com\\\/en\\\/cookies-policy\\\/#breadcrumb\"},\"inLanguage\":\"en-US\",\"potentialAction\":[{\"@type\":\"ReadAction\",\"target\":[\"https:\\\/\\\/hitchings-gonzalez.com\\\/en\\\/cookies-policy\\\/\"]}]},{\"@type\":\"BreadcrumbList\",\"@id\":\"https:\\\/\\\/hitchings-gonzalez.com\\\/en\\\/cookies-policy\\\/#breadcrumb\",\"itemListElement\":[{\"@type\":\"ListItem\",\"position\":1,\"name\":\"Portada\",\"item\":\"https:\\\/\\\/hitchings-gonzalez.com\\\/en\\\/\"},{\"@type\":\"ListItem\",\"position\":2,\"name\":\"Cookies Policy\"}]},{\"@type\":\"WebSite\",\"@id\":\"https:\\\/\\\/hitchings-gonzalez.com\\\/en\\\/#website\",\"url\":\"https:\\\/\\\/hitchings-gonzalez.com\\\/en\\\/\",\"name\":\"Hitchings & Gonz\u00e1lez\",\"description\":\"Especialistas en derecho de la UE y de la Competencia\",\"publisher\":{\"@id\":\"https:\\\/\\\/hitchings-gonzalez.com\\\/en\\\/#organization\"},\"alternateName\":\"Despacho de abogados nacido con la vocaci\u00f3n de ser el boutique espa\u00f1ol n\u00famero uno en disputas, litigios y acciones colectivas en materia de Derecho de la Uni\u00f3n Europea y de la competencia.\",\"potentialAction\":[{\"@type\":\"SearchAction\",\"target\":{\"@type\":\"EntryPoint\",\"urlTemplate\":\"https:\\\/\\\/hitchings-gonzalez.com\\\/en\\\/?s={search_term_string}\"},\"query-input\":{\"@type\":\"PropertyValueSpecification\",\"valueRequired\":true,\"valueName\":\"search_term_string\"}}],\"inLanguage\":\"en-US\"},{\"@type\":\"Organization\",\"@id\":\"https:\\\/\\\/hitchings-gonzalez.com\\\/en\\\/#organization\",\"name\":\"Hitchings & Gonz\u00e1lez\",\"alternateName\":\"Despacho de abogados nacido con la vocaci\u00f3n de ser el boutique espa\u00f1ol n\u00famero uno en disputas, litigios y acciones colectivas en materia de Derecho de la Uni\u00f3n Europea y de la competencia.\",\"url\":\"https:\\\/\\\/hitchings-gonzalez.com\\\/en\\\/\",\"logo\":{\"@type\":\"ImageObject\",\"inLanguage\":\"en-US\",\"@id\":\"https:\\\/\\\/hitchings-gonzalez.com\\\/en\\\/#\\\/schema\\\/logo\\\/image\\\/\",\"url\":\"https:\\\/\\\/hitchings-gonzalez.com\\\/wp-content\\\/uploads\\\/Logo-RGB_HG-logo-principal-Verde--scaled.png\",\"contentUrl\":\"https:\\\/\\\/hitchings-gonzalez.com\\\/wp-content\\\/uploads\\\/Logo-RGB_HG-logo-principal-Verde--scaled.png\",\"width\":2560,\"height\":1440,\"caption\":\"Hitchings & Gonz\u00e1lez\"},\"image\":{\"@id\":\"https:\\\/\\\/hitchings-gonzalez.com\\\/en\\\/#\\\/schema\\\/logo\\\/image\\\/\"}}]}<\/script>\n<!-- \/ Yoast SEO plugin. -->","yoast_head_json":{"title":"Cookies Policy - Hitchings &amp; Gonz\u00e1lez","robots":{"index":"noindex","follow":"follow"},"og_locale":"en_US","og_type":"article","og_title":"Cookies Policy - Hitchings &amp; Gonz\u00e1lez","og_description":"COOKIES POLICY WHAT ARE COOKIES? Cookies are data files stored in your browser and on your computer when you visit any website. They can serve various purposes, such as recognising the user, storing and retrieving information about a user&#8217;s browsing habits, or customising the way content is displayed. WHAT INFORMATION DO COOKIES STORE? Cookies store ... Read more","og_url":"https:\/\/hitchings-gonzalez.com\/en\/cookies-policy\/","og_site_name":"Hitchings &amp; Gonz\u00e1lez","article_modified_time":"2025-09-16T08:12:49+00:00","og_image":[{"width":816,"height":218,"url":"https:\/\/hitchings-gonzalez.com\/wp-content\/uploads\/logo-hitchings.webp","type":"image\/webp"}],"twitter_card":"summary_large_image","twitter_misc":{"Est. reading time":"4 minutes"},"schema":{"@context":"https:\/\/schema.org","@graph":[{"@type":"WebPage","@id":"https:\/\/hitchings-gonzalez.com\/en\/cookies-policy\/","url":"https:\/\/hitchings-gonzalez.com\/en\/cookies-policy\/","name":"Cookies Policy - Hitchings &amp; Gonz\u00e1lez","isPartOf":{"@id":"https:\/\/hitchings-gonzalez.com\/en\/#website"},"datePublished":"2025-09-12T11:57:08+00:00","dateModified":"2025-09-16T08:12:49+00:00","breadcrumb":{"@id":"https:\/\/hitchings-gonzalez.com\/en\/cookies-policy\/#breadcrumb"},"inLanguage":"en-US","potentialAction":[{"@type":"ReadAction","target":["https:\/\/hitchings-gonzalez.com\/en\/cookies-policy\/"]}]},{"@type":"BreadcrumbList","@id":"https:\/\/hitchings-gonzalez.com\/en\/cookies-policy\/#breadcrumb","itemListElement":[{"@type":"ListItem","position":1,"name":"Portada","item":"https:\/\/hitchings-gonzalez.com\/en\/"},{"@type":"ListItem","position":2,"name":"Cookies Policy"}]},{"@type":"WebSite","@id":"https:\/\/hitchings-gonzalez.com\/en\/#website","url":"https:\/\/hitchings-gonzalez.com\/en\/","name":"Hitchings & Gonz\u00e1lez","description":"Especialistas en derecho de la UE y de la Competencia","publisher":{"@id":"https:\/\/hitchings-gonzalez.com\/en\/#organization"},"alternateName":"Despacho de abogados nacido con la vocaci\u00f3n de ser el boutique espa\u00f1ol n\u00famero uno en disputas, litigios y acciones colectivas en materia de Derecho de la Uni\u00f3n Europea y de la competencia.","potentialAction":[{"@type":"SearchAction","target":{"@type":"EntryPoint","urlTemplate":"https:\/\/hitchings-gonzalez.com\/en\/?s={search_term_string}"},"query-input":{"@type":"PropertyValueSpecification","valueRequired":true,"valueName":"search_term_string"}}],"inLanguage":"en-US"},{"@type":"Organization","@id":"https:\/\/hitchings-gonzalez.com\/en\/#organization","name":"Hitchings & Gonz\u00e1lez","alternateName":"Despacho de abogados nacido con la vocaci\u00f3n de ser el boutique espa\u00f1ol n\u00famero uno en disputas, litigios y acciones colectivas en materia de Derecho de la Uni\u00f3n Europea y de la competencia.","url":"https:\/\/hitchings-gonzalez.com\/en\/","logo":{"@type":"ImageObject","inLanguage":"en-US","@id":"https:\/\/hitchings-gonzalez.com\/en\/#\/schema\/logo\/image\/","url":"https:\/\/hitchings-gonzalez.com\/wp-content\/uploads\/Logo-RGB_HG-logo-principal-Verde--scaled.png","contentUrl":"https:\/\/hitchings-gonzalez.com\/wp-content\/uploads\/Logo-RGB_HG-logo-principal-Verde--scaled.png","width":2560,"height":1440,"caption":"Hitchings & Gonz\u00e1lez"},"image":{"@id":"https:\/\/hitchings-gonzalez.com\/en\/#\/schema\/logo\/image\/"}}]}},"_links":{"self":[{"href":"https:\/\/hitchings-gonzalez.com\/en\/wp-json\/wp\/v2\/pages\/1781","targetHints":{"allow":["GET"]}}],"collection":[{"href":"https:\/\/hitchings-gonzalez.com\/en\/wp-json\/wp\/v2\/pages"}],"about":[{"href":"https:\/\/hitchings-gonzalez.com\/en\/wp-json\/wp\/v2\/types\/page"}],"author":[{"embeddable":true,"href":"https:\/\/hitchings-gonzalez.com\/en\/wp-json\/wp\/v2\/users\/1"}],"replies":[{"embeddable":true,"href":"https:\/\/hitchings-gonzalez.com\/en\/wp-json\/wp\/v2\/comments?post=1781"}],"version-history":[{"count":3,"href":"https:\/\/hitchings-gonzalez.com\/en\/wp-json\/wp\/v2\/pages\/1781\/revisions"}],"predecessor-version":[{"id":1886,"href":"https:\/\/hitchings-gonzalez.com\/en\/wp-json\/wp\/v2\/pages\/1781\/revisions\/1886"}],"wp:attachment":[{"href":"https:\/\/hitchings-gonzalez.com\/en\/wp-json\/wp\/v2\/media?parent=1781"}],"curies":[{"name":"wp","href":"https:\/\/api.w.org\/{rel}","templated":true}]}}